{"id":2573,"date":"2021-08-26T12:53:59","date_gmt":"2021-08-26T14:53:59","guid":{"rendered":"https:\/\/gunebirtuala.orein.eus\/?page_id=2573"},"modified":"2021-08-26T13:27:10","modified_gmt":"2021-08-26T15:27:10","slug":"pribatutasun-politika","status":"publish","type":"page","link":"https:\/\/gunebirtuala.orein.eus\/es\/pribatutasun-politika\/","title":{"rendered":"Pol\u00edtica de privacidad"},"content":{"rendered":"<p><strong>T\u00c9RMINOS DE USO<\/strong><\/p>\n<p>En cumplimiento de la Ley 34\/2002, de 11 de julio, de Servicios de la Sociedad de la Informaci\u00f3n y de Comercio Electr\u00f3nico (LSSI-CE), OREIN SOLUTIONS SLU le informa que es titular del sitio web www.orein.eus. En cumplimiento de lo dispuesto en el art\u00edculo 10 de la citada Ley, la entidad OREIN SOLUZIOAK SLU le informa de lo siguiente: El titular de este sitio web es OREIN SOLUZIOAK SLU, con n\u00famero IFK B02838951. Direcci\u00f3n: Santa Mar\u00eda 11 \u2013 4. 48920 Portugalete (BIZKAIA). Est\u00e1 inscrita en el Registro Mercantil del Pa\u00eds Vasco.<\/p>\n<p>La direcci\u00f3n de correo electr\u00f3nico para contactar con la empresa es: <a href=\"mailto:info@orein.eus\">info@orein.eus<\/a>.<\/p>\n<p><strong>Usuario y r\u00e9gimen de responsabilidad<\/strong><\/p>\n<p>Si entras y navegas por el sitio web de OREIN SOLUTIONS SLU, atribuyes la condici\u00f3n de usuario, y por tanto, con la navegaci\u00f3n por las p\u00e1ginas del sitio web de OREIN SOLUTIONS SLU, aceptas todas las condiciones aqu\u00ed contenidas, sin perjuicio de las normas que legalmente deban cumplirse. .<\/p>\n<p>DEER SOLUTIONS El sitio web de DEER SOLUTIONS proporciona gran cantidad de informaci\u00f3n, servicios y datos. El usuario asume la responsabilidad del uso correcto del sitio web. La responsabilidad tambi\u00e9n se extender\u00e1 a las siguientes partes:<\/p>\n<p>OREIN SOLUTIONS La autenticidad y licitud de las informaciones aportadas por el usuario en los formularios extendidos por la organizaci\u00f3n SLU, para acceder a determinados contenidos.<\/p>\n<p>Usar la informaci\u00f3n, servicios y datos facilitados por OREIN SOLUTIONS SLU contrariamente a las presentes condiciones, la Ley, la moral, las buenas costumbres y el orden p\u00fablico, as\u00ed como emplearlos de cualquier otra forma que puedan perjudicar a terceros y al mismo funcionamiento del sitio web.<\/p>\n<p><strong>Pol\u00edtica de enlaces y exclusiones de responsabilidad<\/strong><\/p>\n<p>La organizaci\u00f3n de OREIN SOLUCIAS SLU no ser\u00e1 responsable de las p\u00e1ginas web a las que el usuario acceda a trav\u00e9s de los enlaces establecidos en el sitio web. Asimismo, manifiesta que no podr\u00e1 ejercer ning\u00fan tipo de control sobre el resto de los sitios web. Asimismo, no garantizar\u00e1 la disponibilidad t\u00e9cnica, exactitud, autenticidad, utilidad y licitud de aquellas p\u00e1ginas web a las que se pueda acceder mediante enlaces.<\/p>\n<p>DEER SOLUTIONS SLU ha manifestado que ha adoptado todas las medidas necesarias para evitar los da\u00f1os que los usuarios de su sitio web pudieran sufrir por este uso. En consecuencia, la organizaci\u00f3n OREIN SOLUZIOAK SLU no ser\u00e1 responsable, en ning\u00fan caso, de los da\u00f1os que por la navegaci\u00f3n por Internet pudiera sufrir el usuario.<\/p>\n<p><strong>Cambios<\/strong><\/p>\n<p>OREIN SOLUTIONAS SLU se reserva el derecho a realizar las modificaciones que considere oportunas en el sitio web, sin aviso previo. Estos cambios pueden estar relacionados con el contenido del sitio web y las condiciones de uso. Estas modificaciones podr\u00e1n realizarse a trav\u00e9s del sitio web, de una de las formas admitidas en derecho, y ser\u00e1n de obligado cumplimiento mientras se encuentren publicadas en el sitio web, hasta que no sean sustituidas por otras.<\/p>\n<p><strong>Protecci\u00f3n de Datos<\/strong><\/p>\n<p>De conformidad con lo establecido en la normativa vigente aplicable en materia de protecci\u00f3n de datos, le informamos que sus datos ser\u00e1n incorporados a un fichero titularidad de la entidad OREIN SOLUZIOAK SLU, con el n\u00famero IFK B02838951. Direcci\u00f3n: Santa Mar\u00eda 11 \u2013 4. 48920 Portugalete (BIZKAIA). El objetivo ser\u00e1 facilitar todos los compromisos entre ambas partes.<\/p>\n<p>En cumplimiento de la normativa vigente, OREIN SOLUZIOAK SLU le informa que los datos personales s\u00f3lo ser\u00e1n conservados durante el tiempo necesario, para cumplir con los objetivos anteriormente expuestos.<\/p>\n<p>OREIN SOLUTIONS SLU tratar\u00e1 los datos de conformidad con la ley, de forma transparente, adecuada, exacta y actualizada. Siendo as\u00ed, OREIN SOLUZIOAK SLU se compromete a suprimir o rectificar estos datos en los casos en que no sean oportunos.<\/p>\n<p>De acuerdo con la normativa aplicable en protecci\u00f3n de datos, puede ejercer sus derechos de consulta, rectificaci\u00f3n, limitaci\u00f3n del tratamiento, supresi\u00f3n, portabilidad y oposici\u00f3n al tratamiento de sus datos. Asimismo, podr\u00e1 revocar el consentimiento prestado dirigiendo una solicitud por escrito a la direcci\u00f3n antes mencionada o a la siguiente direcci\u00f3n de correo electr\u00f3nico: <a href=\"mailto:info@orein.eus\">info@orein.eus<\/a>.<\/p>\n<p>Podr\u00e1 acudir a la Autoridad de Control competente para presentar la denuncia que considere oportuna.<\/p>\n<p><strong>Certificado SSL (Secure Sockets Layer)<\/strong><\/p>\n<p>CERTIFICADO SSL OREIN SOLUTIONS garantiza la seguridad, privacidad y verificaci\u00f3n de la informaci\u00f3n entre la organizaci\u00f3n SLU y el usuario.<\/p>\n<p>DEER SOLUTIONS SLU dispone de un certificado de seguridad, que se utiliza como CERTIFICADO SSL para conexiones seguras.<\/p>\n<p>En este proceso se establecen varios par\u00e1metros para que la conexi\u00f3n sea segura, y se establece mediante claves previamente establecidas, codificando y decodificando todos los datos enviados, hasta que se cierra la conexi\u00f3n.<\/p>\n<p><strong>Propiedad intelectual e industrial<\/strong><\/p>\n<p>OREIN SOLUZIOAK SLU, por s\u00ed o como cesionaria, es titular de todos los derechos de propiedad intelectual e industrial de su p\u00e1gina web, as\u00ed como de todos los elementos contenidos en la misma (como im\u00e1genes, sonido, audio, v\u00eddeo, software o textos; marcas o logotipos, combinaciones de colores, estructura y dise\u00f1o, la selecci\u00f3n de los materiales utilizados, los programas de ordenador necesarios para su funcionamiento, acceso y uso, etc. OREIN SOLUTIONS ser\u00e1n propiedad de la organizaci\u00f3n SLU).<\/p>\n<p>Por tanto, estar\u00e1n protegidos como propiedad intelectual, seg\u00fan el ordenamiento jur\u00eddico espa\u00f1ol, y ser\u00e1 de aplicaci\u00f3n la normativa nacional y comunitaria, as\u00ed como los tratados internacionales en esta materia, que tambi\u00e9n ha suscrito Espa\u00f1a.<\/p>\n<p>Reservados todos los derechos. De acuerdo con lo dispuesto en la Ley de Propiedad Intelectual, queda expresamente prohibida la reproducci\u00f3n, distribuci\u00f3n y comunicaci\u00f3n p\u00fablica de los contenidos, as\u00ed como la distribuci\u00f3n total o parcial de los contenidos del sitio web sin la autorizaci\u00f3n expresa de la empresa OREIN SOLUZIOAK SLU, independientemente de los medios de apoyo y t\u00e9cnicos.<\/p>\n<p>El usuario se compromete a respetar los derechos de titularidad de OREIN SOLUZIOAK SLU. Los elementos del portal pueden ser visualizados e impresos, as\u00ed como copiados y almacenados en el disco duro del ordenador o en cualquier soporte f\u00edsico siempre y cuando se limite a un uso personal y privado. El USUARIO no podr\u00e1 suprimir, modificar, eludir o manipular cualquier dispositivo de protecci\u00f3n o sistema de seguridad que estuviera instalado en las p\u00e1ginas de empresa de la entidad OREIN SOLUTIONS SLU.<\/p>\n<p><strong>Acciones Legales, Ley Aplicable y Jurisdicci\u00f3n Competente<\/strong><\/p>\n<p>OREIN SOLUTIONAS SLU se reserva la facultad de presentar las acciones civiles o penales que considere oportunas, por la utilizaci\u00f3n indebida del sitio web y sus contenidos o por el incumplimiento de las presentes condiciones. La relaci\u00f3n entre el usuario y el prestador se aplicar\u00e1 conforme a la normativa vigente, a nivel de Espa\u00f1a. En caso de desacuerdo, las partes someter\u00e1n sus controversias al servicio de arbitraje, o acudir\u00e1n a la jurisdicci\u00f3n ordinaria, respetando las normas pertinentes. La organizaci\u00f3n OREIN SOLUTIONS SLU est\u00e1 ubicada en BIZKAIA, Espa\u00f1a.<\/p>\n<p><strong>POL\u00cdTICA DE COOKIES<\/strong><\/p>\n<p>Las cookies son ficheros que se descargan en su ordenador cuando visita determinados sitios web.<\/p>\n<p>A trav\u00e9s de las cookies, el sitio web puede recopilar y recuperar informaci\u00f3n sobre los h\u00e1bitos de navegaci\u00f3n del usuario o de su equipo y, seg\u00fan la informaci\u00f3n recibida y la forma en que se utilice el equipo, pueden utilizarse para identificar al usuario.<\/p>\n<p>Las cookies son esenciales para el correcto funcionamiento de Internet. Tienen varias ventajas cuando se trata de servicios interactivos y facilitan la navegaci\u00f3n a trav\u00e9s de sitios web.<\/p>\n<p>La siguiente informaci\u00f3n le ayudar\u00e1 a comprender los diferentes tipos de cookies:<\/p>\n<p><strong>TIPOS DE COOKIES<\/strong><\/p>\n<p>SEG\u00daN LA ORGANIZACI\u00d3N QUE LOS GESTIONA<\/p>\n<p>Cookies propias<\/p>\n<p>El editor los recoge para prestar el servicio solicitado por el usuario.<\/p>\n<p>Cookies de terceros<\/p>\n<p>Son recogidos y gestionados por terceros. No se pueden dar por sentado.<\/p>\n<p>DEPENDIENDO DEL TIEMPO QUE PERMANEZCAN ACTIVOS<\/p>\n<p>Cookies de sesi\u00f3n.<\/p>\n<p>Recoge datos durante la navegaci\u00f3n del usuario, con el fin de prestar el servicio solicitado.<\/p>\n<p>Cookies persistentes.<\/p>\n<p>Se almacenar\u00e1n en el terminal obtenido y la informaci\u00f3n obtenida ser\u00e1 utilizada por el responsable de las cookies con la finalidad de prestar el servicio.<\/p>\n<p>DEPENDIENDO DEL OBJETIVO<\/p>\n<p>Cookies t\u00e9cnicas<\/p>\n<p>Son necesarios para navegar por el sitio web.<\/p>\n<p>Cookies de personalizaci\u00f3n.<\/p>\n<p>A trav\u00e9s de ellas, el usuario obtendr\u00e1 las prestaciones adecuadas para navegar por el sitio web (idioma).<\/p>\n<p>Cookies de an\u00e1lisis.<\/p>\n<p>El prestador del servicio puede realizar un an\u00e1lisis relativo a la navegaci\u00f3n del usuario, con el fin de realizar un seguimiento del uso del sitio web. Adem\u00e1s, es posible determinar el contenido m\u00e1s visitado, el n\u00famero de visitantes, etc.<\/p>\n<p>Cookies publicitarias<\/p>\n<p>El editor podr\u00e1 incluir publicidad en el sitio web, en funci\u00f3n del contenido del propio sitio web.<\/p>\n<p>Cookies de publicidad comportamental<\/p>\n<p>El editor podr\u00e1 incluir publicidad en el sitio web, bas\u00e1ndose en la informaci\u00f3n obtenida a trav\u00e9s de los h\u00e1bitos de navegaci\u00f3n del usuario.<\/p>\n<p>De conformidad con lo dispuesto en el art\u00edculo 22.2 de la Ley 34\/2002, de 11 de julio, de Servicios de la Sociedad de la Informaci\u00f3n y de Comercio Electr\u00f3nico (LSSI-CE), OREIN SOLUZIOAK SLU informa sobre las cookies en su sitio web:<\/p>\n<p><strong>TIPOS DE COOKIES<\/strong><\/p>\n<p>Galletas propias.<\/p>\n<p>Cookies de terceros.<\/p>\n<p>Cookies de sesi\u00f3n.<\/p>\n<p>Cookies persistentes.<\/p>\n<p><strong>META<\/strong><\/p>\n<p>Cookies t\u00e9cnicas<\/p>\n<p>Cookies de personalizaci\u00f3n.<\/p>\n<p>Cookies de an\u00e1lisis.<\/p>\n<p>Cookies publicitarias.<\/p>\n<p>Cookies de publicidad comportamental.<\/p>\n<p>&nbsp;<\/p>\n<p>Oh <strong>Google analitico<\/strong>: Recoge cookies para elaborar estad\u00edsticas sobre el tr\u00e1fico y volumen de visitas de este sitio web. Al utilizar este sitio web, consientes el tratamiento de informaci\u00f3n acerca de ti por parte de Google. Por tanto, el ejercicio de cualquiera de estos derechos deber\u00e1 hacerlo comunicando con Google.<\/p>\n<p>Las cookies de Google Analytics se almacenan en servidores ubicados en los Estados Unidos y no se comparten con terceros. Excepci\u00f3n: en los casos en que sea necesario para el funcionamiento del sistema o cuando lo exija la ley. Seg\u00fan Google, la direcci\u00f3n IP no se almacena.<\/p>\n<p>Corporaci\u00f3n Google. Las compa\u00f1\u00edas <em>&quot;Escudos de privacidad&quot; <\/em>(privacidad oculta), que garantiza que todos los datos transferidos ser\u00e1n tratados con el nivel de protecci\u00f3n seg\u00fan la normativa europea. Puedes encontrar informaci\u00f3n al respecto en este enlace: <a href=\"https:\/\/support.google.com\/analytics\/answer\/6004245\">https:\/\/support.google.com\/analytics\/answer\/6004245<\/a>.<\/p>\n<p>Si lo desea, puede utilizar el complemento de inhabilitaci\u00f3n para navegadores de Google Analytics. Seg\u00fan sus instrucciones, las cookies anal\u00edticas de este servicio pueden ser rechazadas en todos los navegadores. Puede consultar m\u00e1s informaci\u00f3n al respecto en el siguiente enlace: <a href=\"https:\/\/tools.google.com\/dlpage\/gaoptout\">https:\/\/tools.google.com\/dlpage\/gaoptout<\/a>.<\/p>\n<p>Asimismo, la organizaci\u00f3n OREIN SOLUZIOAK SLU quiere informar al usuario que tiene la opci\u00f3n de configurar el navegador y reportar cookies. De esa forma, si quieres, puedes pedirle que no se instale en tu disco duro.<\/p>\n<p>Luego le daremos los enlaces de varios navegadores; a trav\u00e9s de ellos, puede completar la configuraci\u00f3n antes mencionada:<\/p>\n<p><strong><em>Firefox de:<\/em><\/strong> <a href=\"http:\/\/support.mozilla.org\/es\/kb\/habilitar-y-deshabilitar-cookies-que-lossitios-we\"><em>http:\/\/support.mozilla.org\/es\/kb\/habilitar-y-deshabilitar-cookies-que-lossitios-we<\/em><\/a><em>.<\/em><\/p>\n<p><strong><em>cromo de:<\/em><\/strong> <a href=\"http:\/\/support.google.com\/chrome\/bin\/answer.py?hl=es&amp;answer=95647\"><em>http:\/\/support.google.com\/chrome\/bin\/answer.py?hl=es&amp;answer=95647<\/em><\/a><em>.<\/em><\/p>\n<p><strong><em>Explorador de:<\/em><\/strong> <a href=\"http:\/\/windows.microsoft.com\/es-es\/internet-explorer\/delete-managecookies#ie=ie-10\"><em>http:\/\/windows.microsoft.com\/es-es\/internet-explorer\/delete-managecookies#ie=ie-10<\/em><\/a><em>.<\/em><\/p>\n<p><strong><em>Safari de:<\/em><\/strong> <a href=\"https:\/\/support.apple.com\/kb\/ph17191?locale=es_ES\"><em>https:\/\/support.apple.com\/kb\/ph17191?locale=es_ES<\/em><\/a><em>.<\/em><\/p>\n<p><strong><em>\u00d3pera de:<\/em><\/strong> <a href=\"http:\/\/help.opera.com\/Windows\/11.50\/es-ES\/cookies.html\"><em>http:\/\/help.opera.com\/Windows\/11.50\/es-ES\/cookies.html<\/em><\/a><em>.<\/em><\/p>","protected":false},"excerpt":{"rendered":"<p>ERABILERA BALDINTZAK Uztailaren 11ko 34\/2002 Legearen, Informazioaren Gizartearen eta Merkataritza Elektronikoaren Zerbitzuei buruzkoaren (LSSI-CE), arabera, OREIN SOLUZIOAK S.L.U. erakundeak jakinarazten dizu www.orein.eus webgunearen titularra dela.<\/p>","protected":false},"author":15,"featured_media":0,"parent":0,"menu_order":0,"comment_status":"closed","ping_status":"closed","template":"","meta":{"content-type":"","footnotes":""},"class_list":["post-2573","page","type-page","status-publish","hentry"],"_links":{"self":[{"href":"https:\/\/gunebirtuala.orein.eus\/es\/wp-json\/wp\/v2\/pages\/2573","targetHints":{"allow":["GET"]}}],"collection":[{"href":"https:\/\/gunebirtuala.orein.eus\/es\/wp-json\/wp\/v2\/pages"}],"about":[{"href":"https:\/\/gunebirtuala.orein.eus\/es\/wp-json\/wp\/v2\/types\/page"}],"author":[{"embeddable":true,"href":"https:\/\/gunebirtuala.orein.eus\/es\/wp-json\/wp\/v2\/users\/15"}],"replies":[{"embeddable":true,"href":"https:\/\/gunebirtuala.orein.eus\/es\/wp-json\/wp\/v2\/comments?post=2573"}],"version-history":[{"count":0,"href":"https:\/\/gunebirtuala.orein.eus\/es\/wp-json\/wp\/v2\/pages\/2573\/revisions"}],"wp:attachment":[{"href":"https:\/\/gunebirtuala.orein.eus\/es\/wp-json\/wp\/v2\/media?parent=2573"}],"curies":[{"name":"wp","href":"https:\/\/api.w.org\/{rel}","templated":true}]}}